{"id":318,"date":"2021-06-01T16:45:21","date_gmt":"2021-06-01T14:45:21","guid":{"rendered":"https:\/\/www.hariacupuntura.com\/que-tractem\/"},"modified":"2026-02-27T16:47:07","modified_gmt":"2026-02-27T14:47:07","slug":"que-traitons-nous","status":"publish","type":"page","link":"https:\/\/www.hariacupuntura.com\/fr\/que-traitons-nous\/","title":{"rendered":"Que traitons-nous?"},"content":{"rendered":"","protected":false},"excerpt":{"rendered":"","protected":false},"author":1,"featured_media":0,"parent":0,"menu_order":0,"comment_status":"closed","ping_status":"closed","template":"template-tractaments.php","meta":{"footnotes":""},"class_list":["post-318","page","type-page","status-publish","hentry"],"yoast_head":"<!-- This site is optimized with the Yoast SEO plugin v27.0 - https:\/\/yoast.com\/product\/yoast-seo-wordpress\/ -->\n<title>Centres d&#039;acupuncture \u00e0 Barcelone | Fertilit\u00e9 naturelle<\/title>\n<meta name=\"description\" content=\"Centres d&#039;acupuncture \u00e0 Barcelone sp\u00e9cialis\u00e9s dans le bien-\u00eatre g\u00e9n\u00e9ral, la fertilit\u00e9 naturelle et les troubles menstruels. M\u00e9decine traditionnelle chinoise.\" \/>\n<meta name=\"robots\" content=\"index, follow, max-snippet:-1, max-image-preview:large, max-video-preview:-1\" \/>\n<link rel=\"canonical\" href=\"https:\/\/www.hariacupuntura.com\/fr\/que-traitons-nous\/\" \/>\n<meta property=\"og:locale\" content=\"fr_FR\" \/>\n<meta property=\"og:type\" content=\"article\" \/>\n<meta property=\"og:title\" content=\"Centres d&#039;acupuncture \u00e0 Barcelone | Fertilit\u00e9 naturelle\" \/>\n<meta property=\"og:description\" content=\"Centres d&#039;acupuncture \u00e0 Barcelone sp\u00e9cialis\u00e9s dans le bien-\u00eatre g\u00e9n\u00e9ral, la fertilit\u00e9 naturelle et les troubles menstruels. M\u00e9decine traditionnelle chinoise.\" \/>\n<meta property=\"og:url\" content=\"https:\/\/www.hariacupuntura.com\/fr\/que-traitons-nous\/\" \/>\n<meta property=\"og:site_name\" content=\"Hari Acupuntura\" \/>\n<meta property=\"article:modified_time\" content=\"2026-02-27T14:47:07+00:00\" \/>\n<meta name=\"twitter:card\" content=\"summary_large_image\" \/>\n<script type=\"application\/ld+json\" class=\"yoast-schema-graph\">{\"@context\":\"https:\/\/schema.org\",\"@graph\":[{\"@type\":\"WebPage\",\"@id\":\"https:\/\/www.hariacupuntura.com\/fr\/que-traitons-nous\/\",\"url\":\"https:\/\/www.hariacupuntura.com\/fr\/que-traitons-nous\/\",\"name\":\"Centres d'acupuncture \u00e0 Barcelone | Fertilit\u00e9 naturelle\",\"isPartOf\":{\"@id\":\"https:\/\/www.hariacupuntura.com\/fr\/#website\"},\"datePublished\":\"2021-06-01T14:45:21+00:00\",\"dateModified\":\"2026-02-27T14:47:07+00:00\",\"description\":\"Centres d'acupuncture \u00e0 Barcelone sp\u00e9cialis\u00e9s dans le bien-\u00eatre g\u00e9n\u00e9ral, la fertilit\u00e9 naturelle et les troubles menstruels. M\u00e9decine traditionnelle chinoise.\",\"breadcrumb\":{\"@id\":\"https:\/\/www.hariacupuntura.com\/fr\/que-traitons-nous\/#breadcrumb\"},\"inLanguage\":\"fr-FR\",\"potentialAction\":[{\"@type\":\"ReadAction\",\"target\":[\"https:\/\/www.hariacupuntura.com\/fr\/que-traitons-nous\/\"]}]},{\"@type\":\"BreadcrumbList\",\"@id\":\"https:\/\/www.hariacupuntura.com\/fr\/que-traitons-nous\/#breadcrumb\",\"itemListElement\":[{\"@type\":\"ListItem\",\"position\":1,\"name\":\"Inici\",\"item\":\"https:\/\/www.hariacupuntura.com\/fr\/\"},{\"@type\":\"ListItem\",\"position\":2,\"name\":\"Que traitons-nous?\"}]},{\"@type\":\"WebSite\",\"@id\":\"https:\/\/www.hariacupuntura.com\/fr\/#website\",\"url\":\"https:\/\/www.hariacupuntura.com\/fr\/\",\"name\":\"Hari Acupuntura\",\"description\":\"Especialistes en el camp de la ginecologia i la fertilitat\",\"potentialAction\":[{\"@type\":\"SearchAction\",\"target\":{\"@type\":\"EntryPoint\",\"urlTemplate\":\"https:\/\/www.hariacupuntura.com\/fr\/?s={search_term_string}\"},\"query-input\":{\"@type\":\"PropertyValueSpecification\",\"valueRequired\":true,\"valueName\":\"search_term_string\"}}],\"inLanguage\":\"fr-FR\"}]}<\/script>\n<!-- \/ Yoast SEO plugin. -->","yoast_head_json":{"title":"Centres d'acupuncture \u00e0 Barcelone | Fertilit\u00e9 naturelle","description":"Centres d'acupuncture \u00e0 Barcelone sp\u00e9cialis\u00e9s dans le bien-\u00eatre g\u00e9n\u00e9ral, la fertilit\u00e9 naturelle et les troubles menstruels. M\u00e9decine traditionnelle chinoise.","robots":{"index":"index","follow":"follow","max-snippet":"max-snippet:-1","max-image-preview":"max-image-preview:large","max-video-preview":"max-video-preview:-1"},"canonical":"https:\/\/www.hariacupuntura.com\/fr\/que-traitons-nous\/","og_locale":"fr_FR","og_type":"article","og_title":"Centres d'acupuncture \u00e0 Barcelone | Fertilit\u00e9 naturelle","og_description":"Centres d'acupuncture \u00e0 Barcelone sp\u00e9cialis\u00e9s dans le bien-\u00eatre g\u00e9n\u00e9ral, la fertilit\u00e9 naturelle et les troubles menstruels. M\u00e9decine traditionnelle chinoise.","og_url":"https:\/\/www.hariacupuntura.com\/fr\/que-traitons-nous\/","og_site_name":"Hari Acupuntura","article_modified_time":"2026-02-27T14:47:07+00:00","twitter_card":"summary_large_image","schema":{"@context":"https:\/\/schema.org","@graph":[{"@type":"WebPage","@id":"https:\/\/www.hariacupuntura.com\/fr\/que-traitons-nous\/","url":"https:\/\/www.hariacupuntura.com\/fr\/que-traitons-nous\/","name":"Centres d'acupuncture \u00e0 Barcelone | Fertilit\u00e9 naturelle","isPartOf":{"@id":"https:\/\/www.hariacupuntura.com\/fr\/#website"},"datePublished":"2021-06-01T14:45:21+00:00","dateModified":"2026-02-27T14:47:07+00:00","description":"Centres d'acupuncture \u00e0 Barcelone sp\u00e9cialis\u00e9s dans le bien-\u00eatre g\u00e9n\u00e9ral, la fertilit\u00e9 naturelle et les troubles menstruels. M\u00e9decine traditionnelle chinoise.","breadcrumb":{"@id":"https:\/\/www.hariacupuntura.com\/fr\/que-traitons-nous\/#breadcrumb"},"inLanguage":"fr-FR","potentialAction":[{"@type":"ReadAction","target":["https:\/\/www.hariacupuntura.com\/fr\/que-traitons-nous\/"]}]},{"@type":"BreadcrumbList","@id":"https:\/\/www.hariacupuntura.com\/fr\/que-traitons-nous\/#breadcrumb","itemListElement":[{"@type":"ListItem","position":1,"name":"Inici","item":"https:\/\/www.hariacupuntura.com\/fr\/"},{"@type":"ListItem","position":2,"name":"Que traitons-nous?"}]},{"@type":"WebSite","@id":"https:\/\/www.hariacupuntura.com\/fr\/#website","url":"https:\/\/www.hariacupuntura.com\/fr\/","name":"Hari Acupuntura","description":"Especialistes en el camp de la ginecologia i la fertilitat","potentialAction":[{"@type":"SearchAction","target":{"@type":"EntryPoint","urlTemplate":"https:\/\/www.hariacupuntura.com\/fr\/?s={search_term_string}"},"query-input":{"@type":"PropertyValueSpecification","valueRequired":true,"valueName":"search_term_string"}}],"inLanguage":"fr-FR"}]}},"_links":{"self":[{"href":"https:\/\/www.hariacupuntura.com\/fr\/wp-json\/wp\/v2\/pages\/318","targetHints":{"allow":["GET"]}}],"collection":[{"href":"https:\/\/www.hariacupuntura.com\/fr\/wp-json\/wp\/v2\/pages"}],"about":[{"href":"https:\/\/www.hariacupuntura.com\/fr\/wp-json\/wp\/v2\/types\/page"}],"author":[{"embeddable":true,"href":"https:\/\/www.hariacupuntura.com\/fr\/wp-json\/wp\/v2\/users\/1"}],"replies":[{"embeddable":true,"href":"https:\/\/www.hariacupuntura.com\/fr\/wp-json\/wp\/v2\/comments?post=318"}],"version-history":[{"count":1,"href":"https:\/\/www.hariacupuntura.com\/fr\/wp-json\/wp\/v2\/pages\/318\/revisions"}],"predecessor-version":[{"id":319,"href":"https:\/\/www.hariacupuntura.com\/fr\/wp-json\/wp\/v2\/pages\/318\/revisions\/319"}],"wp:attachment":[{"href":"https:\/\/www.hariacupuntura.com\/fr\/wp-json\/wp\/v2\/media?parent=318"}],"curies":[{"name":"wp","href":"https:\/\/api.w.org\/{rel}","templated":true}]}}